{"id":9406,"date":"2017-02-26T00:03:56","date_gmt":"2017-02-26T00:03:56","guid":{"rendered":"http:\/\/moresa.templines.org\/?page_id=9406"},"modified":"2022-09-17T12:54:56","modified_gmt":"2022-09-17T12:54:56","slug":"home","status":"publish","type":"page","link":"https:\/\/goksuegegida.com\/","title":{"rendered":"Home"},"content":{"rendered":"<p>[vc_row full_width=&#8221;stretch_row_content_no_spaces&#8221; full_height=&#8221;yes&#8221; equal_height=&#8221;yes&#8221; gradient_colors=&#8221;%5B%7B%7D%5D&#8221;][vc_column]<link href=\"https:\/\/fonts.googleapis.com\/css?family=Raleway:400%2C800\" rel=\"stylesheet\" property=\"stylesheet\" type=\"text\/css\" media=\"all\">\n<div id=\"rev_slider_2_1_wrapper\" class=\"rev_slider_wrapper fullscreen-container\" data-source=\"gallery\" style=\"background:transparent;padding:0px;\">\n<!-- START REVOLUTION SLIDER 5.4.8 fullscreen mode -->\n\t<div id=\"rev_slider_2_1\" class=\"rev_slider fullscreenbanner\" style=\"display:none;\" data-version=\"5.4.8\">\n<ul>\t<!-- SLIDE  -->\n\t<li data-index=\"rs-3\" data-transition=\"fade\" data-slotamount=\"default\" data-hideafterloop=\"0\" data-hideslideonmobile=\"off\"  data-easein=\"default\" data-easeout=\"default\" data-masterspeed=\"300\"  data-rotate=\"0\"  data-saveperformance=\"off\"  data-title=\"Slide\" data-param1=\"\" data-param2=\"\" data-param3=\"\" data-param4=\"\" data-param5=\"\" data-param6=\"\" data-param7=\"\" data-param8=\"\" data-param9=\"\" data-param10=\"\" data-description=\"\">\n\t\t<!-- MAIN IMAGE -->\n\t\t<img src=\"https:\/\/goksuegegida.com\/wp-content\/uploads\/2022\/09\/qwe.jpg\"  alt=\"\" title=\"qwe\"  width=\"1859\" height=\"850\" data-bgposition=\"center center\" data-kenburns=\"on\" data-duration=\"10000\" data-ease=\"Linear.easeNone\" data-scalestart=\"100\" data-scaleend=\"100\" data-rotatestart=\"0\" data-rotateend=\"0\" data-blurstart=\"0\" data-blurend=\"0\" data-offsetstart=\"0 0\" data-offsetend=\"0 0\" class=\"rev-slidebg\" data-no-retina>\n\t\t<!-- LAYERS -->\n\n\t\t<!-- LAYER NR. 1 -->\n\t\t<div class=\"tp-caption   tp-resizeme\" \n\t\t\t id=\"slide-3-layer-1\" \n\t\t\t data-x=\"['left','left','center','center']\" data-hoffset=\"['661','529','0','0']\" \n\t\t\t data-y=\"['top','top','top','top']\" data-voffset=\"['174','161','161','93']\" \n\t\t\t\t\t\tdata-fontsize=\"['45','45','40','55']\"\n\t\t\tdata-width=\"none\"\n\t\t\tdata-height=\"none\"\n\t\t\tdata-whitespace=\"nowrap\"\n \n\t\t\tdata-type=\"text\" \n\t\t\tdata-responsive_offset=\"on\" \n\n\t\t\tdata-frames='[{\"delay\":600,\"speed\":1200,\"frame\":\"0\",\"from\":\"opacity:0;\",\"to\":\"o:1;\",\"ease\":\"Power3.easeInOut\"},{\"delay\":\"wait\",\"speed\":300,\"frame\":\"999\",\"to\":\"opacity:0;\",\"ease\":\"Power3.easeInOut\"}]'\n\t\t\tdata-textAlign=\"['inherit','inherit','inherit','inherit']\"\n\t\t\tdata-paddingtop=\"[0,0,0,0]\"\n\t\t\tdata-paddingright=\"[0,0,0,0]\"\n\t\t\tdata-paddingbottom=\"[0,0,0,0]\"\n\t\t\tdata-paddingleft=\"[0,0,0,0]\"\n\n\t\t\tstyle=\"z-index: 5; white-space: nowrap; font-size: 45px; line-height: 40px; font-weight: 400; color: #444444; letter-spacing: 0px;font-family:Raleway;\">Resmi Kurumlar <\/div>\n\n\t\t<!-- LAYER NR. 2 -->\n\t\t<div class=\"tp-caption   tp-resizeme\" \n\t\t\t id=\"slide-3-layer-3\" \n\t\t\t data-x=\"['left','left','center','center']\" data-hoffset=\"['662','527','0','0']\" \n\t\t\t data-y=\"['top','top','top','top']\" data-voffset=\"['251','214','214','189']\" \n\t\t\t\t\t\tdata-fontsize=\"['68','60','60','55']\"\n\t\t\tdata-lineheight=\"['40','40','40','']\"\n\t\t\tdata-color=\"['rgb(22,60,124)','rgb(10,10,10)','rgb(10,10,10)','rgb(10,10,10)']\"\n\t\t\tdata-width=\"none\"\n\t\t\tdata-height=\"none\"\n\t\t\tdata-whitespace=\"nowrap\"\n \n\t\t\tdata-type=\"text\" \n\t\t\tdata-responsive_offset=\"on\" \n\n\t\t\tdata-frames='[{\"delay\":1340,\"speed\":520,\"frame\":\"0\",\"from\":\"z:0;rX:0;rY:0;rZ:0;sX:0.9;sY:0.9;skX:0;skY:0;opacity:0;\",\"to\":\"o:1;\",\"ease\":\"Power3.easeInOut\"},{\"delay\":\"wait\",\"speed\":300,\"frame\":\"999\",\"to\":\"opacity:0;\",\"ease\":\"Power3.easeInOut\"}]'\n\t\t\tdata-textAlign=\"['inherit','inherit','inherit','inherit']\"\n\t\t\tdata-paddingtop=\"[0,0,0,0]\"\n\t\t\tdata-paddingright=\"[0,0,0,0]\"\n\t\t\tdata-paddingbottom=\"[0,0,0,0]\"\n\t\t\tdata-paddingleft=\"[0,0,0,0]\"\n\n\t\t\tstyle=\"z-index: 6; white-space: nowrap; font-size: 68px; line-height: 40px; font-weight: 800; color: #163c7c; letter-spacing: 0px;font-family:Raleway;\">KONS\u0130NYAT\u00d6R\u00dc <\/div>\n\t<\/li>\n\t<!-- SLIDE  -->\n\t<li data-index=\"rs-2\" data-transition=\"fade\" data-slotamount=\"default\" data-hideafterloop=\"0\" data-hideslideonmobile=\"off\"  data-easein=\"default\" data-easeout=\"default\" data-masterspeed=\"300\"  data-delay=\"3510\"  data-rotate=\"0\"  data-saveperformance=\"off\"  data-title=\"Slide\" data-param1=\"\" data-param2=\"\" data-param3=\"\" data-param4=\"\" data-param5=\"\" data-param6=\"\" data-param7=\"\" data-param8=\"\" data-param9=\"\" data-param10=\"\" data-description=\"\"\t\t\tdata-segmenteffect='true'\n\t\t\tdata-segmenteffect_style ='style2'\n>\n\t\t<!-- MAIN IMAGE -->\n\t\t<img src=\"https:\/\/goksuegegida.com\/wp-content\/uploads\/2022\/09\/qwe.jpg\"  alt=\"\" title=\"qwe\"  width=\"1859\" height=\"850\" data-bgposition=\"center center\" data-bgfit=\"cover\" data-bgrepeat=\"no-repeat\" class=\"rev-slidebg\" data-no-retina>\n\t\t<!-- LAYERS -->\n\t<\/li>\n<\/ul>\n<div class=\"tp-bannertimer tp-bottom\" style=\"visibility: hidden !important;\"><\/div>\t<\/div>\n<script>var htmlDiv = document.getElementById(\"rs-plugin-settings-inline-css\"); var htmlDivCss=\"\";\n\t\t\t\tif(htmlDiv) {\n\t\t\t\t\thtmlDiv.innerHTML = htmlDiv.innerHTML + htmlDivCss;\n\t\t\t\t}else{\n\t\t\t\t\tvar htmlDiv = document.createElement(\"div\");\n\t\t\t\t\thtmlDiv.innerHTML = \"<style>\" + htmlDivCss + \"<\/style>\";\n\t\t\t\t\tdocument.getElementsByTagName(\"head\")[0].appendChild(htmlDiv.childNodes[0]);\n\t\t\t\t}\n\t\t\t<\/script>\n\t\t<script type=\"text\/javascript\">\nif (setREVStartSize!==undefined) setREVStartSize(\n\t{c: '#rev_slider_2_1', responsiveLevels: [1240,1024,778,480], gridwidth: [1240,1024,778,480], gridheight: [868,768,960,720], sliderLayout: 'fullscreen', fullScreenAutoWidth:'off', fullScreenAlignForce:'off', fullScreenOffsetContainer:'', fullScreenOffset:''});\n\t\t\t\nvar revapi2,\n\ttpj;\t\n(function() {\t\t\t\n\tif (!\/loaded|interactive|complete\/.test(document.readyState)) document.addEventListener(\"DOMContentLoaded\",onLoad); else onLoad();\t\n\tfunction onLoad() {\t\t\t\t\n\t\tif (tpj===undefined) { tpj = jQuery; if(\"off\" == \"on\") tpj.noConflict();}\n\tif(tpj(\"#rev_slider_2_1\").revolution == undefined){\n\t\trevslider_showDoubleJqueryError(\"#rev_slider_2_1\");\n\t}else{\n\t\trevapi2 = tpj(\"#rev_slider_2_1\").show().revolution({\n\t\t\tsliderType:\"standard\",\n\t\t\tjsFileLocation:\"\/\/goksuegegida.com\/wp-content\/plugins\/revslider\/public\/assets\/js\/\",\n\t\t\tsliderLayout:\"fullscreen\",\n\t\t\tdottedOverlay:\"none\",\n\t\t\tdelay:9000,\n\t\t\tnavigation: {\n\t\t\t\tonHoverStop:\"off\",\n\t\t\t},\n\t\t\tresponsiveLevels:[1240,1024,778,480],\n\t\t\tvisibilityLevels:[1240,1024,778,480],\n\t\t\tgridwidth:[1240,1024,778,480],\n\t\t\tgridheight:[868,768,960,720],\n\t\t\tlazyType:\"none\",\n\t\t\tshadow:0,\n\t\t\tspinner:\"spinner0\",\n\t\t\tstopLoop:\"off\",\n\t\t\tstopAfterLoops:-1,\n\t\t\tstopAtSlide:-1,\n\t\t\tshuffle:\"off\",\n\t\t\tautoHeight:\"off\",\n\t\t\tfullScreenAutoWidth:\"off\",\n\t\t\tfullScreenAlignForce:\"off\",\n\t\t\tfullScreenOffsetContainer: \"\",\n\t\t\tfullScreenOffset: \"\",\n\t\t\tdisableProgressBar:\"on\",\n\t\t\thideThumbsOnMobile:\"off\",\n\t\t\thideSliderAtLimit:0,\n\t\t\thideCaptionAtLimit:0,\n\t\t\thideAllCaptionAtLilmit:0,\n\t\t\tdebugMode:false,\n\t\t\tfallbacks: {\n\t\t\t\tsimplifyAll:\"off\",\n\t\t\t\tnextSlideOnWindowFocus:\"off\",\n\t\t\t\tdisableFocusListener:false,\n\t\t\t}\n\t\t});\n\t}; \/* END OF revapi call *\/\n\t\n                RsSegmenteffectAddOn(tpj, revapi2);\n\n }; \/* END OF ON LOAD FUNCTION *\/\n}()); \/* END OF WRAPPING FUNCTION *\/\n<\/script>\n\t\t<\/div><!-- END REVOLUTION SLIDER -->[\/vc_column][\/vc_row][vc_row ppadding=&#8221;vc_row-padding-top&#8221; gradient_colors=&#8221;%5B%7B%7D%5D&#8221; poverlay=&#8221;no-overlay&#8221; row_title=&#8221;1&#8243; title_animate=&#8221;rotateInDownLeft&#8221; css=&#8221;.vc_custom_1663370851510{padding-bottom: 65px !important;}&#8221; title=&#8221;EGE GIDA&#8221; subtitle=&#8221;G\u00f6ksu&#8221; num=&#8221;_&#8221; el_id=&#8221;welcome&#8221;][vc_column width=&#8221;1\/2&#8243;][vc_row_inner][vc_column_inner css=&#8221;.vc_custom_1488471407874{padding-right: 70px !important;}&#8221;][m_about_box cut_corner_2=&#8221;left-bottom&#8221; image1=&#8221;9321&#8243; image2=&#8221;9323&#8243; title1=&#8221;Konsinyat\u00f6r olarak&#8221; title2=&#8221;Ne Yap\u0131yoruz ?&#8221; quote=&#8221;\u0130htiya\u00e7 duydu\u011funuz g\u0131da ve g\u0131da d\u0131\u015f\u0131 \u00fcr\u00fcnleri sizleri en h\u0131zl\u0131 \u015fekilde ula\u015ft\u0131r\u0131yoruz.&#8221; quote_a=&#8221;G\u00d6KSU&#8221; position=&#8221;EGE GIDA&#8221;]T\u00fcrkiyedeki Resmi Kurumlara, bir \u00e7ok kalemde \u00fcr\u00fcn tedari\u011fi sa\u011fl\u0131yoruz.[\/m_about_box][\/vc_column_inner][\/vc_row_inner][\/vc_column][vc_column width=&#8221;1\/2&#8243;][vc_single_image image=&#8221;10740&#8243; img_size=&#8221;full&#8221; alignment=&#8221;center&#8221;][\/vc_column][\/vc_row][vc_row full_width=&#8221;stretch_row&#8221; gradient_colors=&#8221;%5B%7B%7D%5D&#8221; poverlay=&#8221;no-overlay&#8221; row_title=&#8221;1&#8243; title_animate=&#8221;fadeIn&#8221; title=&#8221;G\u00d6KSU&#8221; subtitle=&#8221;EGE GIDA&#8221; css=&#8221;.vc_custom_1663404902032{padding-top: 100px !important;padding-bottom: 100px !important;}&#8221;][vc_column gradient_colors=&#8221;%5B%7B%7D%5D&#8221;][m_works][m_work title1=&#8221;\u00dcr\u00fcnlerimiz yak\u0131nda&#8221; title2=&#8221;S\u0130ZLERLE&#8221; image=&#8221;10767,10769,10768&#8243; title_tab=&#8221;Sizlerle&#8221;]\u0130\u015f ortaklar\u0131m\u0131z &#8212; Lorem ipsumYalem \u0130\u015f ortaklar\u0131m\u0131z &#8212; Lorem ipsumYalem\u0130\u015f ortaklar\u0131m\u0131z &#8212; Lorem ipsumYalem\u0130\u015f ortaklar\u0131m\u0131z &#8212; Lorem ipsumYalem\u0130\u015f ortaklar\u0131m\u0131z &#8212; Lorem ipsumYalem[\/m_work][\/m_works][\/vc_column][\/vc_row][vc_row full_width=&#8221;stretch_row_content_no_spaces&#8221; content_placement=&#8221;middle&#8221; bgimage=&#8221;10760&#8243; bgstyle=&#8221;jarallax&#8221; ptextcolor=&#8221;White&#8221; gradient_colors=&#8221;%5B%7B%7D%5D&#8221; row_title=&#8221;1&#8243; title_animate=&#8221;fadeIn&#8221; css=&#8221;.vc_custom_1663416199983{background-position: center !important;background-repeat: no-repeat !important;background-size: cover !important;}&#8221; title=&#8221;EGE GIDA&#8221; subtitle=&#8221;G\u00d6KSU&#8221;][vc_column css_animation=&#8221;fadeInLeft&#8221; width=&#8221;1\/2&#8243; ptextcolor=&#8221;White&#8221; gradient_colors=&#8221;%5B%7B%7D%5D&#8221; css=&#8221;.vc_custom_1489599961058{padding-top: 110px !important;padding-bottom: 70px !important;}&#8221;][m_info_box type=&#8221;1&#8243; title=&#8221;\u0130yi Hizmet \u0130sterseniz Biz Buraday\u0131z&#8221; link=&#8221;title:Bize%20Ula%C5%9F%C4%B1n&#8221; link_text=&#8221;get in touch&#8221;]G\u00d6KSU EGE GIDA olarak sizlere en iyi hizmeti vermeye \u00f6zen g\u00f6steriyor, Sipari\u015flerinizi frigolu ara\u00e7lar\u0131m\u0131zla, uygun fiyatlarla ve en ge\u00e7 3 i\u015f g\u00fcn\u00fcnde sizlere ula\u015ft\u0131rmay\u0131 hedefliyoruz.[\/m_info_box][\/vc_column][vc_column css_animation=&#8221;fadeInRight&#8221; width=&#8221;1\/2&#8243; gradient_colors=&#8221;%5B%7B%7D%5D&#8221; css=&#8221;.vc_custom_1490714263449{padding-top: 170px !important;padding-bottom: 120px !important;padding-left: 25% !important;}&#8221; offset=&#8221;vc_col-xs-12&#8243;][m_vertical_carousel][m_vertical_carousel_item type=&#8221;pixcustom3&#8243; icon_pixcustom3=&#8221;icon-check&#8221; icon_pixcustom4=&#8221;icon-speedometer&#8221; icon_pixsimple=&#8221;icon-printer&#8221; title=&#8221;G\u00dcVEN\u0130L\u0130R&#8221;]Sipari\u015fleriniz eksiksiz ve termin s\u00fcresi de\u011fi\u015fmeden elinizde&#8230;[\/m_vertical_carousel_item][m_vertical_carousel_item type=&#8221;pixcustom3&#8243; icon_pixcustom3=&#8221;icon-rocket&#8221; icon_pixsimple=&#8221;icon-printer&#8221; title=&#8221;HIZLI&#8221;]Frigolu ara\u00e7lar\u0131m\u0131z ile talepleriniz maksimum 3 i\u015f g\u00fcn\u00fc i\u00e7inde size ula\u015f\u0131r.[\/m_vertical_carousel_item][m_vertical_carousel_item type=&#8221;pixcustom3&#8243; icon_pixcustom3=&#8221;icon-tag&#8221; icon_pixcustom4=&#8221;icon-camera&#8221; icon_pixsimple=&#8221;icon-printer&#8221; title=&#8221;UYGUN F\u0130YATLI !&#8221;]Te\u015fvik edici fiyatlar\u0131m\u0131zla<br \/>\nG\u00f6ksu Ege G\u0131da hep yan\u0131n\u0131zda.[\/m_vertical_carousel_item][\/m_vertical_carousel][\/vc_column][\/vc_row][vc_row gradient_colors=&#8221;%5B%7B%7D%5D&#8221; css=&#8221;.vc_custom_1663417074031{background-color: #f7f7f7 !important;}&#8221;][vc_column][vc_empty_space height=&#8221;120&#8243; css=&#8221;.vc_custom_1663417058761{background-color: #f7f7f7 !important;}&#8221;][\/vc_column][\/vc_row][vc_row full_width=&#8221;stretch_row_content_no_spaces&#8221; content_placement=&#8221;middle&#8221; bgimage=&#8221;10844&#8243; bgstyle=&#8221;jarallax&#8221; ptextcolor=&#8221;White&#8221; gradient_colors=&#8221;%5B%7B%7D%5D&#8221; row_title=&#8221;1&#8243; title_animate=&#8221;fadeIn&#8221; css=&#8221;.vc_custom_1663419293977{background-position: center !important;background-repeat: no-repeat !important;background-size: cover !important;}&#8221; title=&#8221;EGE GIDA&#8221; subtitle=&#8221;G\u00d6KSU&#8221;][vc_column css_animation=&#8221;fadeInLeft&#8221; width=&#8221;1\/2&#8243; ptextcolor=&#8221;White&#8221; gradient_colors=&#8221;%5B%7B%7D%5D&#8221; css=&#8221;.vc_custom_1489599961058{padding-top: 110px !important;padding-bottom: 70px !important;}&#8221;][m_info_box type=&#8221;1&#8243; title=&#8221;\u0130\u015f Ortaklar\u0131m\u0131z&#8221; link_text=&#8221;get in touch&#8221;]G\u00fcc\u00fcm\u00fcz\u00fc i\u015fimize olan sayg\u0131m\u0131zdan ve \u00e7\u00f6z\u00fcm ortaklar\u0131m\u0131zdan al\u0131yoruz.[\/m_info_box][\/vc_column][vc_column css_animation=&#8221;fadeInRight&#8221; width=&#8221;1\/2&#8243; gradient_colors=&#8221;%5B%7B%7D%5D&#8221; css=&#8221;.vc_custom_1490714263449{padding-top: 170px !important;padding-bottom: 120px !important;padding-left: 25% !important;}&#8221; offset=&#8221;vc_col-xs-12&#8243;][vc_row_inner][vc_column_inner width=&#8221;1\/2&#8243;][vc_single_image image=&#8221;10749&#8243; alignment=&#8221;center&#8221;][vc_single_image image=&#8221;10751&#8243; alignment=&#8221;center&#8221;][vc_single_image image=&#8221;10762&#8243; alignment=&#8221;center&#8221;][vc_single_image image=&#8221;10763&#8243; alignment=&#8221;center&#8221;][\/vc_column_inner][vc_column_inner width=&#8221;1\/2&#8243;][vc_single_image image=&#8221;10748&#8243; alignment=&#8221;center&#8221;][vc_single_image image=&#8221;10747&#8243; alignment=&#8221;center&#8221;][vc_single_image image=&#8221;10746&#8243; alignment=&#8221;center&#8221;][vc_single_image image=&#8221;10750&#8243; alignment=&#8221;center&#8221;][\/vc_column_inner][\/vc_row_inner][\/vc_column][\/vc_row][vc_row full_width=&#8221;stretch_row_content_no_spaces&#8221; gradient_colors=&#8221;%5B%7B%7D%5D&#8221; css=&#8221;.vc_custom_1663416987885{background-color: #f7f7f7 !important;}&#8221;][vc_column gradient_colors=&#8221;%5B%7B%7D%5D&#8221; css=&#8221;.vc_custom_1488667557504{padding-top: 70px !important;padding-bottom: 15px !important;background-color: #f6f6f8 !important;}&#8221;][\/vc_column][\/vc_row]<\/p>\n","protected":false},"excerpt":{"rendered":"<p>[vc_row full_width=&#8221;stretch_row_content_no_spaces&#8221; full_height=&#8221;yes&#8221; equal_height=&#8221;yes&#8221; gradient_colors=&#8221;%5B%7B%7D%5D&#8221;][vc_column][\/vc_column][\/vc_row][vc_row ppadding=&#8221;vc_row-padding-top&#8221; gradient_colors=&#8221;%5B%7B%7D%5D&#8221; poverlay=&#8221;no-overlay&#8221; row_title=&#8221;1&#8243; title_animate=&#8221;rotateInDownLeft&#8221; css=&#8221;.vc_custom_1663370851510{padding-bottom: 65px !important;}&#8221; title=&#8221;EGE GIDA&#8221; subtitle=&#8221;G\u00f6ksu&#8221; num=&#8221;_&#8221; el_id=&#8221;welcome&#8221;][vc_column width=&#8221;1\/2&#8243;][vc_row_inner][vc_column_inner css=&#8221;.vc_custom_1488471407874{padding-right: 70px !important;}&#8221;][m_about_box cut_corner_2=&#8221;left-bottom&#8221; image1=&#8221;9321&#8243; image2=&#8221;9323&#8243; title1=&#8221;Konsinyat\u00f6r olarak&#8221; title2=&#8221;Ne Yap\u0131yoruz ?&#8221; quote=&#8221;\u0130htiya\u00e7 duydu\u011funuz g\u0131da ve g\u0131da d\u0131\u015f\u0131 \u00fcr\u00fcnleri sizleri en h\u0131zl\u0131 \u015fekilde ula\u015ft\u0131r\u0131yoruz.&#8221; quote_a=&#8221;G\u00d6KSU&#8221; position=&#8221;EGE GIDA&#8221;]T\u00fcrkiyedeki Resmi Kurumlara, bir \u00e7ok kalemde \u00fcr\u00fcn tedari\u011fi sa\u011fl\u0131yoruz.[\/m_about_box][\/vc_column_inner][\/vc_row_inner][\/vc_column][vc_column width=&#8221;1\/2&#8243;][vc_single_image image=&#8221;10740&#8243; [&hellip;]<\/p>\n","protected":false},"author":1,"featured_media":0,"parent":0,"menu_order":0,"comment_status":"closed","ping_status":"closed","template":"page-home.php","meta":[],"_links":{"self":[{"href":"https:\/\/goksuegegida.com\/index.php\/wp-json\/wp\/v2\/pages\/9406"}],"collection":[{"href":"https:\/\/goksuegegida.com\/index.php\/wp-json\/wp\/v2\/pages"}],"about":[{"href":"https:\/\/goksuegegida.com\/index.php\/wp-json\/wp\/v2\/types\/page"}],"author":[{"embeddable":true,"href":"https:\/\/goksuegegida.com\/index.php\/wp-json\/wp\/v2\/users\/1"}],"replies":[{"embeddable":true,"href":"https:\/\/goksuegegida.com\/index.php\/wp-json\/wp\/v2\/comments?post=9406"}],"version-history":[{"count":74,"href":"https:\/\/goksuegegida.com\/index.php\/wp-json\/wp\/v2\/pages\/9406\/revisions"}],"predecessor-version":[{"id":10847,"href":"https:\/\/goksuegegida.com\/index.php\/wp-json\/wp\/v2\/pages\/9406\/revisions\/10847"}],"wp:attachment":[{"href":"https:\/\/goksuegegida.com\/index.php\/wp-json\/wp\/v2\/media?parent=9406"}],"curies":[{"name":"wp","href":"https:\/\/api.w.org\/{rel}","templated":true}]}}